{"id":41,"date":"2023-05-08T12:38:49","date_gmt":"2023-05-08T15:38:49","guid":{"rendered":"http:\/\/ponteprodutoras.com.br\/hml\/?page_id=41"},"modified":"2023-05-16T17:39:53","modified_gmt":"2023-05-16T20:39:53","slug":"sobre","status":"publish","type":"page","link":"https:\/\/ponteprodutoras.com.br\/en\/sobre\/","title":{"rendered":"About"},"content":{"rendered":"<h4 class=\"wp-block-heading\"><strong>ABOUT THE PRODUCTION COMPANY<\/strong><\/h4>\n\n\n\n<div style=\"height:15px\" aria-hidden=\"true\" class=\"wp-block-spacer\"><\/div>\n\n\n\n<p>Ponte Produtoras was created by Dora Amorim, Julia Machado, and Tha\u00eds Vidal in Recife\/2015 to produce the work of young Brazilian filmmakers. Our films have been screened in the most iimportant Brazilian and international festivals (Bras\u00edlia FF, Rio IFF, Cannes Critics' Week, Chicago IFF, IndieLisboa, Rotterdam IFF, Locarno FF).<\/p>\n\n\n\n<p>The company focuses on original works from young Brazilian screenwriters, making it possible to produce films with different themes and aesthetics that strongly reflect the narrative possibilities and points of view of our culture. Ponte was born out of the desire to tell important, strong, representative stories that would also allow cinema to be used as a tool for social transformation.<\/p>\n\n\n\n<div style=\"height:35px\" aria-hidden=\"true\" class=\"wp-block-spacer\"><\/div>\n\n\n\n<figure class=\"wp-block-image size-full\"><img loading=\"lazy\" decoding=\"async\" width=\"1327\" height=\"874\" src=\"http:\/\/ponteprodutoras.com.br\/wp-content\/uploads\/2023\/05\/sobre-a-produtora-1.png\" alt=\"\" class=\"wp-image-49\" srcset=\"https:\/\/ponteprodutoras.com.br\/wp-content\/uploads\/2023\/05\/sobre-a-produtora-1.png 1327w, https:\/\/ponteprodutoras.com.br\/wp-content\/uploads\/2023\/05\/sobre-a-produtora-1-300x198.png 300w, https:\/\/ponteprodutoras.com.br\/wp-content\/uploads\/2023\/05\/sobre-a-produtora-1-1024x674.png 1024w, https:\/\/ponteprodutoras.com.br\/wp-content\/uploads\/2023\/05\/sobre-a-produtora-1-768x506.png 768w\" sizes=\"(max-width: 1327px) 100vw, 1327px\" \/><\/figure>\n\n\n\n<div style=\"height:35px\" aria-hidden=\"true\" class=\"wp-block-spacer\"><\/div>\n\n\n\n<p>A Ponte j\u00e1 integrou importantes mercados e laborat\u00f3rios de desenvolvimento como Brasil CineMundi, BrLab, Torino Film Lab &#8211; \u201cUp &amp; Coming\u201d (Participante convidado do Next Step Lab da Semana da Cr\u00edtica de Cannes), Lobo Lab \u2013 Encontro de Coprodu\u00e7\u00e3o do Festival de Mar Del Plata. A empresa lan\u00e7ou recentemente a sua primeira coprodu\u00e7\u00e3o internacional com a Fran\u00e7a, o filme Rio Doce, dirigido por Fellipe Fernandes, que tem como coprodutora Gabrielle Dumon. O longa estreou no Olhar de Cinema, onde ganhou os pr\u00eamios de Melhor Filme e Melhor Filme Brasileiro, e estreou internacionalmente no Cinelatino de Toulouse, onde recebeu o Pr\u00eamio FIPRESCI.&nbsp;<\/p>\n\n\n\n<div style=\"height:35px\" aria-hidden=\"true\" class=\"wp-block-spacer\"><\/div>\n\n\n\n<div class=\"wp-block-columns is-layout-flex wp-container-core-columns-is-layout-2 wp-block-columns-is-layout-flex\">\n<div class=\"wp-block-column is-layout-flow wp-block-column-is-layout-flow\" style=\"flex-basis:50%\">\n<div class=\"wp-block-group\"><div class=\"wp-block-group__inner-container is-layout-constrained wp-block-group-is-layout-constrained\">\n<div class=\"wp-block-columns is-layout-flex wp-container-core-columns-is-layout-1 wp-block-columns-is-layout-flex\">\n<div class=\"wp-block-column is-layout-flow wp-block-column-is-layout-flow\">\n<figure class=\"wp-block-image size-full\"><img loading=\"lazy\" decoding=\"async\" width=\"707\" height=\"1024\" src=\"http:\/\/ponteprodutoras.com.br\/wp-content\/uploads\/2023\/05\/image-8.png\" alt=\"\" class=\"wp-image-359\" srcset=\"https:\/\/ponteprodutoras.com.br\/wp-content\/uploads\/2023\/05\/image-8.png 707w, https:\/\/ponteprodutoras.com.br\/wp-content\/uploads\/2023\/05\/image-8-207x300.png 207w, https:\/\/ponteprodutoras.com.br\/wp-content\/uploads\/2023\/05\/image-8-8x12.png 8w\" sizes=\"(max-width: 707px) 100vw, 707px\" \/><\/figure>\n<\/div>\n<\/div>\n<\/div><\/div>\n<\/div>\n\n\n\n<div class=\"wp-block-column is-layout-flow wp-block-column-is-layout-flow\" style=\"flex-basis:30px\"><\/div>\n\n\n\n<div class=\"wp-block-column is-layout-flow wp-block-column-is-layout-flow\" style=\"flex-basis:50%\">\n<figure class=\"wp-block-image size-large\"><img loading=\"lazy\" decoding=\"async\" width=\"1024\" height=\"679\" src=\"http:\/\/ponteprodutoras.com.br\/wp-content\/uploads\/2023\/05\/sobre-a-produtora-3-1-1-1024x679.png\" alt=\"\" class=\"wp-image-67\" srcset=\"https:\/\/ponteprodutoras.com.br\/wp-content\/uploads\/2023\/05\/sobre-a-produtora-3-1-1-1024x679.png 1024w, https:\/\/ponteprodutoras.com.br\/wp-content\/uploads\/2023\/05\/sobre-a-produtora-3-1-1-300x199.png 300w, https:\/\/ponteprodutoras.com.br\/wp-content\/uploads\/2023\/05\/sobre-a-produtora-3-1-1-768x509.png 768w, https:\/\/ponteprodutoras.com.br\/wp-content\/uploads\/2023\/05\/sobre-a-produtora-3-1-1.png 1318w\" sizes=\"(max-width: 1024px) 100vw, 1024px\" \/><\/figure>\n\n\n\n<div style=\"height:30px\" aria-hidden=\"true\" class=\"wp-block-spacer\"><\/div>\n\n\n\n<figure class=\"wp-block-image size-full\"><img loading=\"lazy\" decoding=\"async\" width=\"1024\" height=\"762\" src=\"http:\/\/ponteprodutoras.com.br\/wp-content\/uploads\/2023\/05\/image-9.png\" alt=\"\" class=\"wp-image-362\" srcset=\"https:\/\/ponteprodutoras.com.br\/wp-content\/uploads\/2023\/05\/image-9.png 1024w, https:\/\/ponteprodutoras.com.br\/wp-content\/uploads\/2023\/05\/image-9-300x223.png 300w, https:\/\/ponteprodutoras.com.br\/wp-content\/uploads\/2023\/05\/image-9-768x572.png 768w, https:\/\/ponteprodutoras.com.br\/wp-content\/uploads\/2023\/05\/image-9-16x12.png 16w\" sizes=\"(max-width: 1024px) 100vw, 1024px\" \/><\/figure>\n<\/div>\n<\/div>\n\n\n\n<p>In 2021, the production company also released the films God has AIDS, directed by F\u00e1bio Leal and Gustavo Vinagre, which won Best Film at Queer Porto and Venus in Nykes, directed by Andr\u00e9 Antonio, which won Best Screenplay at Mix Brasil and was recently screened at the Berlin Critics Week.<\/p>","protected":false},"excerpt":{"rendered":"<p>SOBRE A PRODUTORA A Ponte Produtoras \u00e9 uma produtora independente fundada em 2015, no Recife, por Dora Amorim, J\u00falia Machado e Tha\u00eds Vidal para produzir o trabalho de jovens realizadores. Seus filmes j\u00e1 passaram em importantes festivais nacionais (Bras\u00edlia FF, Rio IFF, Mostra de SP) e internacionais (Semana da Cr\u00edtica de Cannes, Winterthur IFF, Chicago [&hellip;]<\/p>","protected":false},"author":1,"featured_media":0,"parent":0,"menu_order":0,"comment_status":"closed","ping_status":"closed","template":"","meta":{"footnotes":""},"class_list":["post-41","page","type-page","status-publish","hentry"],"yoast_head":"<!-- This site is optimized with the Yoast SEO plugin v20.7 - https:\/\/yoast.com\/wordpress\/plugins\/seo\/ -->\n<title>Sobre - Ponte Produtora<\/title>\n<meta name=\"robots\" content=\"index, follow, max-snippet:-1, max-image-preview:large, max-video-preview:-1\" \/>\n<link rel=\"canonical\" href=\"https:\/\/ponteprodutoras.com.br\/en\/sobre\/\" \/>\n<meta property=\"og:locale\" content=\"en_GB\" \/>\n<meta property=\"og:type\" content=\"article\" \/>\n<meta property=\"og:title\" content=\"Sobre - Ponte Produtora\" \/>\n<meta property=\"og:description\" content=\"SOBRE A PRODUTORA A Ponte Produtoras \u00e9 uma produtora independente fundada em 2015, no Recife, por Dora Amorim, J\u00falia Machado e Tha\u00eds Vidal para produzir o trabalho de jovens realizadores. Seus filmes j\u00e1 passaram em importantes festivais nacionais (Bras\u00edlia FF, Rio IFF, Mostra de SP) e internacionais (Semana da Cr\u00edtica de Cannes, Winterthur IFF, Chicago [&hellip;]\" \/>\n<meta property=\"og:url\" content=\"https:\/\/ponteprodutoras.com.br\/en\/sobre\/\" \/>\n<meta property=\"og:site_name\" content=\"Ponte Produtora\" \/>\n<meta property=\"article:modified_time\" content=\"2023-05-16T20:39:53+00:00\" \/>\n<meta property=\"og:image\" content=\"http:\/\/ponteprodutoras.com.br\/wp-content\/uploads\/2023\/05\/sobre-a-produtora-1.png\" \/>\n<meta name=\"twitter:card\" content=\"summary_large_image\" \/>\n<meta name=\"twitter:label1\" content=\"Estimated reading time\" \/>\n\t<meta name=\"twitter:data1\" content=\"3 minutes\" \/>\n<script type=\"application\/ld+json\" class=\"yoast-schema-graph\">{\"@context\":\"https:\/\/schema.org\",\"@graph\":[{\"@type\":\"WebPage\",\"@id\":\"https:\/\/ponteprodutoras.com.br\/sobre\/\",\"url\":\"https:\/\/ponteprodutoras.com.br\/sobre\/\",\"name\":\"Sobre - Ponte Produtora\",\"isPartOf\":{\"@id\":\"https:\/\/ponteprodutoras.com.br\/#website\"},\"datePublished\":\"2023-05-08T15:38:49+00:00\",\"dateModified\":\"2023-05-16T20:39:53+00:00\",\"breadcrumb\":{\"@id\":\"https:\/\/ponteprodutoras.com.br\/sobre\/#breadcrumb\"},\"inLanguage\":\"en-GB\",\"potentialAction\":[{\"@type\":\"ReadAction\",\"target\":[\"https:\/\/ponteprodutoras.com.br\/sobre\/\"]}]},{\"@type\":\"BreadcrumbList\",\"@id\":\"https:\/\/ponteprodutoras.com.br\/sobre\/#breadcrumb\",\"itemListElement\":[{\"@type\":\"ListItem\",\"position\":1,\"name\":\"In\u00edcio\",\"item\":\"https:\/\/ponteprodutoras.com.br\/\"},{\"@type\":\"ListItem\",\"position\":2,\"name\":\"Sobre\"}]},{\"@type\":\"WebSite\",\"@id\":\"https:\/\/ponteprodutoras.com.br\/#website\",\"url\":\"https:\/\/ponteprodutoras.com.br\/\",\"name\":\"Ponte Produtora\",\"description\":\"\",\"potentialAction\":[{\"@type\":\"SearchAction\",\"target\":{\"@type\":\"EntryPoint\",\"urlTemplate\":\"https:\/\/ponteprodutoras.com.br\/?s={search_term_string}\"},\"query-input\":\"required name=search_term_string\"}],\"inLanguage\":\"en-GB\"}]}<\/script>\n<!-- \/ Yoast SEO plugin. -->","yoast_head_json":{"title":"Sobre - Ponte Produtora","robots":{"index":"index","follow":"follow","max-snippet":"max-snippet:-1","max-image-preview":"max-image-preview:large","max-video-preview":"max-video-preview:-1"},"canonical":"https:\/\/ponteprodutoras.com.br\/en\/sobre\/","og_locale":"en_GB","og_type":"article","og_title":"Sobre - Ponte Produtora","og_description":"SOBRE A PRODUTORA A Ponte Produtoras \u00e9 uma produtora independente fundada em 2015, no Recife, por Dora Amorim, J\u00falia Machado e Tha\u00eds Vidal para produzir o trabalho de jovens realizadores. Seus filmes j\u00e1 passaram em importantes festivais nacionais (Bras\u00edlia FF, Rio IFF, Mostra de SP) e internacionais (Semana da Cr\u00edtica de Cannes, Winterthur IFF, Chicago [&hellip;]","og_url":"https:\/\/ponteprodutoras.com.br\/en\/sobre\/","og_site_name":"Ponte Produtora","article_modified_time":"2023-05-16T20:39:53+00:00","og_image":[{"url":"http:\/\/ponteprodutoras.com.br\/wp-content\/uploads\/2023\/05\/sobre-a-produtora-1.png"}],"twitter_card":"summary_large_image","twitter_misc":{"Estimated reading time":"3 minutes"},"schema":{"@context":"https:\/\/schema.org","@graph":[{"@type":"WebPage","@id":"https:\/\/ponteprodutoras.com.br\/sobre\/","url":"https:\/\/ponteprodutoras.com.br\/sobre\/","name":"Sobre - Ponte Produtora","isPartOf":{"@id":"https:\/\/ponteprodutoras.com.br\/#website"},"datePublished":"2023-05-08T15:38:49+00:00","dateModified":"2023-05-16T20:39:53+00:00","breadcrumb":{"@id":"https:\/\/ponteprodutoras.com.br\/sobre\/#breadcrumb"},"inLanguage":"en-GB","potentialAction":[{"@type":"ReadAction","target":["https:\/\/ponteprodutoras.com.br\/sobre\/"]}]},{"@type":"BreadcrumbList","@id":"https:\/\/ponteprodutoras.com.br\/sobre\/#breadcrumb","itemListElement":[{"@type":"ListItem","position":1,"name":"In\u00edcio","item":"https:\/\/ponteprodutoras.com.br\/"},{"@type":"ListItem","position":2,"name":"Sobre"}]},{"@type":"WebSite","@id":"https:\/\/ponteprodutoras.com.br\/#website","url":"https:\/\/ponteprodutoras.com.br\/","name":"Ponte Produtora","description":"","potentialAction":[{"@type":"SearchAction","target":{"@type":"EntryPoint","urlTemplate":"https:\/\/ponteprodutoras.com.br\/?s={search_term_string}"},"query-input":"required name=search_term_string"}],"inLanguage":"en-GB"}]}},"_links":{"self":[{"href":"https:\/\/ponteprodutoras.com.br\/en\/wp-json\/wp\/v2\/pages\/41"}],"collection":[{"href":"https:\/\/ponteprodutoras.com.br\/en\/wp-json\/wp\/v2\/pages"}],"about":[{"href":"https:\/\/ponteprodutoras.com.br\/en\/wp-json\/wp\/v2\/types\/page"}],"author":[{"embeddable":true,"href":"https:\/\/ponteprodutoras.com.br\/en\/wp-json\/wp\/v2\/users\/1"}],"replies":[{"embeddable":true,"href":"https:\/\/ponteprodutoras.com.br\/en\/wp-json\/wp\/v2\/comments?post=41"}],"version-history":[{"count":53,"href":"https:\/\/ponteprodutoras.com.br\/en\/wp-json\/wp\/v2\/pages\/41\/revisions"}],"predecessor-version":[{"id":372,"href":"https:\/\/ponteprodutoras.com.br\/en\/wp-json\/wp\/v2\/pages\/41\/revisions\/372"}],"wp:attachment":[{"href":"https:\/\/ponteprodutoras.com.br\/en\/wp-json\/wp\/v2\/media?parent=41"}],"curies":[{"name":"wp","href":"https:\/\/api.w.org\/{rel}","templated":true}]}}